{"id":50,"date":"2026-03-05T22:04:20","date_gmt":"2026-03-05T22:04:20","guid":{"rendered":"http:\/\/ulfers.top\/hjemmeside\/?page_id=50"},"modified":"2026-03-22T22:22:07","modified_gmt":"2026-03-22T21:22:07","slug":"ressurser","status":"publish","type":"page","link":"https:\/\/ulfers.top\/hjemmeside\/ressurser\/","title":{"rendered":"Ressurser"},"content":{"rendered":"\n<p><em>Slides fra foredrag<\/em><\/p>\n\n\n\n<p><a href=\"https:\/\/docs.google.com\/presentation\/d\/1jTv_3Ps1Jvb6OscsOEeNe1DgxboESdcMnGTcNRn0CXs\/edit?usp=sharing\" target=\"_blank\" rel=\"noreferrer noopener\">Staten: Hva s\u00f8ren er egentlig det?<\/a>&nbsp;(<a href=\"https:\/\/bindersdrammen.wordpress.com\/2024\/09\/05\/staten-hva-soren-er-egentlig-det\/\" target=\"_blank\" rel=\"noreferrer noopener\">18.09.2024, Drammen<\/a>)<\/p>\n\n\n\n<div style=\"height:30px\" aria-hidden=\"true\" class=\"wp-block-spacer\"><\/div>\n\n\n\n<p><em>Anbefalt<\/em><\/p>\n\n\n\n<p>Tema: Musikk<br><a href=\"https:\/\/www.youtube.com\/watch?v=e26zZ83Oh6Y\" target=\"_blank\" rel=\"noreferrer noopener\">Ana Vidovic<\/a> (2021) &#8212; YouTube<\/p>\n\n\n\n<p>Tema: L\u00e6ring<br><a href=\"https:\/\/snl.no\/\" target=\"_blank\" rel=\"noreferrer noopener\">Store Norske Leksikon<\/a><br><a href=\"https:\/\/matematikk.net\/side\/Forside\" target=\"_blank\" rel=\"noreferrer noopener\">Matematikk.net<\/a><br><a href=\"https:\/\/www.khanacademy.org\/\" target=\"_blank\" rel=\"noreferrer noopener\">Khan Academy<\/a><br><a href=\"https:\/\/www.coursera.org\/\" target=\"_blank\" rel=\"noreferrer noopener\">Coursera<\/a><\/p>\n\n\n\n<p>Tema: Naturlig helse<br><a href=\"https:\/\/rolv.no\" target=\"_blank\" rel=\"noreferrer noopener\">Urtekilden<\/a><br><a href=\"https:\/\/camillasgodegreier.no\" target=\"_blank\" rel=\"noreferrer noopener\">Camillas Gode Greier<\/a><br><a href=\"https:\/\/frihetensreise.no\" target=\"_blank\" rel=\"noreferrer noopener\">Frihetensreise<\/a><\/p>\n\n\n\n<p>Videoer<br><a href=\"https:\/\/www.youtube.com\/watch?v=zVqR2kYNmXU\" target=\"_blank\" rel=\"noreferrer noopener\">Trauma-Born Empath Loners | Jungesque og Psyvian<\/a> (2026) &#8212; YouTube <br><a href=\"https:\/\/www.youtube.com\/watch?v=4TspV1odsXo\" target=\"_blank\" rel=\"noreferrer noopener\">How Intelligent People Deal with Stupid | Mindplicit<\/a> (2026) &#8212; YouTube<br><a href=\"https:\/\/www.youtube.com\/watch?v=W8ymi3R8p7g&amp;list=RDW8ymi3R8p7g&amp;start_radio=1\" target=\"_blank\" rel=\"noreferrer noopener\">\u30a2\u30de\u30ea\u30a2 \u2013 \u3075\u308b\u3055\u3068\u3078\u5e30\u308d\u3046 (Japanese Remigration Meme)<\/a> (2026) &#8212; YouTube<br><a href=\"https:\/\/www.youtube.com\/watch?v=7P54aeWneY8\" target=\"_blank\" rel=\"noreferrer noopener\">Tartaria | Erased Century<\/a> (2026) &#8212; YouTube<br><a href=\"https:\/\/www.youtube.com\/watch?v=PBZwDwQPzfY\" target=\"_blank\" rel=\"noreferrer noopener\">The Double Slit Experiment | Faultlines Studio<\/a> (2026) &#8212; YouTube<\/p>\n\n\n\n<p>Podcaster<br><a href=\"https:\/\/www.youtube.com\/@chasehughesofficial\">Chase Hughes<\/a> &#8212; YouTube<br><a href=\"https:\/\/www.youtube.com\/@AkkadDaily\" target=\"_blank\" rel=\"noreferrer noopener\">Akkad Daily<\/a> &#8212; YouTube<\/p>\n\n\n\n<p>Romaner<br>Orwell, George. <em>Nineteen Eighty-Four<\/em> (1949).<br>Gibson, William. <em>Neuromancer<\/em> (1984). <\/p>\n\n\n\n<p>Sakprosa\/l\u00e6reb\u00f8ker<br>Allen, David. <em>F\u00e5 ting gjort!<\/em> (2016). (<a href=\"https:\/\/www.ark.no\/produkt\/boker\/hobbyboker-og-fritid\/fa-ting-gjort-9788280877741\" target=\"_blank\" rel=\"noreferrer noopener\">Ark<\/a>)<br>Commodore. <em>Commodore 64 User&#8217;s Guide<\/em> (1982). (<a href=\"https:\/\/www.c64-wiki.com\/wiki\/Commodore_64_User's_Guide\" target=\"_blank\" rel=\"noreferrer noopener\">c64-wiki.com<\/a>)<br>Anonymous Conservative. <em>The Evolutionary Psychology Behind Politics<\/em> (2012). (<a href=\"https:\/\/www.anonymousconservative.com\/blog\/wp-content\/uploads\/2020\/09\/EvoilutionaryPsychologyBehindPolitics.pdf\" target=\"_blank\" rel=\"noreferrer noopener\">PDF<\/a>)<\/p>\n\n\n\n<div style=\"height:30px\" aria-hidden=\"true\" class=\"wp-block-spacer\"><\/div>\n\n\n\n<p><em>Egne tekster<\/em><\/p>\n\n\n\n<p><a href=\"https:\/\/hverdagsfilosofen.com\/blogg\/2025\/06\/21\/renaud-camus\/\" target=\"_blank\" rel=\"noreferrer noopener\">Renaud Camus<\/a> (2025)<br><a href=\"https:\/\/hverdagsfilosofen.com\/blogg\/2025\/07\/02\/takknemlighet-er-overvurdert\/\" target=\"_blank\" rel=\"noreferrer noopener\">Takknemlighet er overvurdert<\/a> (2025)<br><a href=\"https:\/\/hverdagsfilosofen.com\/blogg\/2025\/07\/22\/rase-isme\/\" target=\"_blank\" rel=\"noreferrer noopener\">Rase-isme<\/a> (2025)<br><a href=\"https:\/\/hverdagsfilosofen.com\/blogg\/2025\/10\/15\/jobbsikkerhet-lojal-arbeidsgiver\/\" target=\"_blank\" rel=\"noreferrer noopener\">Jobbsikkerhet? Lojal arbeidsgiver?<\/a> (2025)<br><a href=\"https:\/\/hverdagsfilosofen.com\/blogg\/2026\/02\/04\/anti-globalisme\/\" target=\"_blank\" rel=\"noreferrer noopener\">\u2018Anti-globalisme\u2019?<\/a> (2026)<br><a href=\"https:\/\/hverdagsfilosofen.com\/blogg\/2026\/02\/08\/kvinner-menn-status-og-penger\/\" target=\"_blank\" rel=\"noreferrer noopener\">Kvinner, menn, status og penger<\/a> (2026)<\/p>\n\n\n\n<div style=\"height:30px\" aria-hidden=\"true\" class=\"wp-block-spacer\"><\/div>\n\n\n\n<p><em>Flere morsomme sider fra meg<\/em><\/p>\n\n\n\n<p><a href=\"https:\/\/realuab.com\/tv\/\" target=\"_blank\" rel=\"noreferrer noopener\">Kjempe-TV-siden<br><\/a><a href=\"https:\/\/kyststripen.com\/treff\/\" target=\"_blank\" rel=\"noreferrer noopener\">Kaffe i Oslo\/andre plasser<\/a><\/p>\n\n\n\n<div style=\"height:39px\" aria-hidden=\"true\" class=\"wp-block-spacer\"><\/div>\n<div class=\"gsp_post_data\" \r\n\t            data-post_type=\"page\" \r\n\t            data-cat=\"\" \r\n\t            data-modified=\"120\"\r\n\t            data-created=\"1772748260\"\r\n\t            data-title=\"Ressurser\" \r\n\t            data-home=\"https:\/\/ulfers.top\/hjemmeside\"><\/div>","protected":false},"excerpt":{"rendered":"<p>Slides fra foredrag Staten: Hva s\u00f8ren er egentlig det?&nbsp;(18.09.2024, Drammen) Anbefalt Tema: MusikkAna Vidovic (2021) &#8212; YouTube Tema: L\u00e6ringStore Norske LeksikonMatematikk.netKhan AcademyCoursera Tema: Naturlig helseUrtekildenCamillas Gode GreierFrihetensreise VideoerTrauma-Born Empath Loners | Jungesque og Psyvian (2026) &#8212; YouTube How Intelligent People Deal with Stupid | Mindplicit (2026) &#8212; YouTube\u30a2\u30de\u30ea\u30a2 \u2013 \u3075\u308b\u3055\u3068\u3078\u5e30\u308d\u3046 (Japanese Remigration Meme) (2026) &#8212; [&hellip;]<\/p>\n","protected":false},"author":1,"featured_media":0,"parent":0,"menu_order":0,"comment_status":"closed","ping_status":"closed","template":"","meta":{"_s2mail":"yes","footnotes":""},"class_list":["post-50","page","type-page","status-publish","hentry"],"_links":{"self":[{"href":"https:\/\/ulfers.top\/hjemmeside\/wp-json\/wp\/v2\/pages\/50","targetHints":{"allow":["GET"]}}],"collection":[{"href":"https:\/\/ulfers.top\/hjemmeside\/wp-json\/wp\/v2\/pages"}],"about":[{"href":"https:\/\/ulfers.top\/hjemmeside\/wp-json\/wp\/v2\/types\/page"}],"author":[{"embeddable":true,"href":"https:\/\/ulfers.top\/hjemmeside\/wp-json\/wp\/v2\/users\/1"}],"replies":[{"embeddable":true,"href":"https:\/\/ulfers.top\/hjemmeside\/wp-json\/wp\/v2\/comments?post=50"}],"version-history":[{"count":32,"href":"https:\/\/ulfers.top\/hjemmeside\/wp-json\/wp\/v2\/pages\/50\/revisions"}],"predecessor-version":[{"id":174,"href":"https:\/\/ulfers.top\/hjemmeside\/wp-json\/wp\/v2\/pages\/50\/revisions\/174"}],"wp:attachment":[{"href":"https:\/\/ulfers.top\/hjemmeside\/wp-json\/wp\/v2\/media?parent=50"}],"curies":[{"name":"wp","href":"https:\/\/api.w.org\/{rel}","templated":true}]}}